{"id":202,"date":"2019-06-18T12:56:05","date_gmt":"2019-06-18T10:56:05","guid":{"rendered":"http:\/\/www.groupe-t.org\/?page_id=202"},"modified":"2024-10-22T11:04:28","modified_gmt":"2024-10-22T09:04:28","slug":"les-toits-bossus","status":"publish","type":"page","link":"http:\/\/www.groupe-t.org\/index.php\/les-toits-bossus\/","title":{"rendered":"Les Toits Bossus"},"content":{"rendered":"\n<p class=\"has-small-font-size\"><strong>De loin, il est vrai, forment-iels sans doute une bande d\u2019orphelins embrum\u00e9s par l\u2019alcool et la solitude mais, par moment, oui, \u00e9galement, une troupe de th\u00e9\u00e2tre qui se bat contre l\u2019oubli, et aussi, alors, une fois debout sur leurs conduits d\u2019a\u00e9ration, le front haut face \u00e0 l\u2019horizon bleu de la mer, deviennent-iels de v\u00e9ritables camarades, \u00e9rigeant barricades apr\u00e8s barricades. <strong>Le tout pour la post\u00e9rit\u00e9 des doudous-voisins, bien s\u00fbr, mais surtout pour, le disent-iels, un peu de ces plumes rouges et ocres qui certains jours poussent dans les interstices de leurs armures de bronze. Cette luxueuse pouss\u00e9e, beaucoup l\u2019appellent la foi, l\u2019espoir ou la conviction, eulles l\u2019appellent : L&rsquo;EMPANACHE<\/strong><\/strong><\/p>\n\n\n\n<div class=\"wp-block-group\"><div class=\"wp-block-group__inner-container\">\n<div class=\"wp-block-columns\">\n<div class=\"wp-block-column\" style=\"flex-basis:100%\">\n<div class=\"wp-block-group\"><div class=\"wp-block-group__inner-container\"><\/div><\/div>\n\n\n\n<p class=\"has-text-align-center has-small-font-size\"><strong>UNE CREATION DU GROUPE T<\/strong><\/p>\n\n\n\n<p class=\"has-text-align-center has-small-font-size\"><strong>con\u00e7ue par<\/strong> Th\u00e9o Cazau, Antonin Fassio et Juliane Lachaut<\/p>\n\n\n\n<p class=\"has-text-align-center has-small-font-size\"><strong>avec<\/strong> Camille Blanc, Romain Noury, Lavinia Osimo, Mathilde Rousseau et Aur\u00e9lien Vacher<\/p>\n\n\n\n<p class=\"has-text-align-center has-small-font-size\"><strong>mise en sc\u00e8ne :<\/strong> Juliane Lachaut<\/p>\n\n\n\n<p class=\"has-text-align-center has-small-font-size\"><strong>texte :<\/strong> Th\u00e9o Cazau<\/p>\n\n\n\n<p class=\"has-text-align-center has-small-font-size\"><strong>sc\u00e9nographie, costumes et r\u00e9gie g\u00e9n\u00e9rale :<\/strong> Antonin Fassio<\/p>\n\n\n\n<p class=\"has-text-align-center has-small-font-size\"><strong>composition musicale, interpr\u00e9tation et r\u00e9gie son :<\/strong> Solal Mazeran<\/p>\n\n\n\n<p class=\"has-text-align-center has-small-font-size\"><strong>cr\u00e9ation et r\u00e9gie lumi\u00e8re :<\/strong> Louise Rustan<\/p>\n\n\n\n<p class=\"has-text-align-center has-small-font-size\"><strong>administration et production :<\/strong> H\u00e9lo\u00efse Vignals<\/p>\n<\/div>\n<\/div>\n<\/div><\/div>\n\n\n\n<p class=\"has-text-align-left has-small-font-size\"><strong>Spectacle soutenu par :<\/strong> Nouveau Gare au Th\u00e9\u00e2tre (Vitry), dispositif Studiolab &#8211; M\u00e9nagerie de Verre (Paris), Collectif 12 (Mantes-la-Jolie), 36 du mois (Fresnes), Lilas en sc\u00e8ne (Les Lilas), Commune \u2013 Centre Dramatique National d\u2019Aubervilliers, L\u2019Etoile du Nord (Paris), Bourse FoRTE des talents \u00e9mergents de la R\u00e9gion Ile-de-France, Dispositif Cr\u00e9ation en Cours des Ateliers Medicis, Aide \u00e0 la cr\u00e9ation de la DRAC \u00cele-de-France.<\/p>\n\n\n\n<pre class=\"wp-block-preformatted has-small-font-size\"><em><strong>Dates pass\u00e9es<\/strong><\/em> \n+ 10-11-12-14-15-16-17 d\u00e9cembre 2021 - Th\u00e9\u00e2tre de la Commune - Centre Dramatique National d\u2019Aubervilliers\n+ 08-09-10 novembre 2021 - l\u2019\u00c9toile du Nord - Paris \n+ 23-24 septembre 2021 - Collectif 12 - Mantes-la-Jolie \n+ 08-09-10 juillet 2021 - TAT! Festival - Nouveau Gare au th\u00e9\u00e2tre - Vitry-sur-Seine<\/pre>\n\n\n\n<div class=\"wp-block-file alignleft\"><a href=\"http:\/\/www.groupe-t.org\/wp-content\/uploads\/2021\/11\/dossier-toits-bossus-2021-groupe-t.pdf\">Dossier_Artistique_LesToitsBossus_GroupeT_2021-2022<\/a><\/div>\n\n\n\n<figure class=\"wp-block-image size-large\"><img loading=\"lazy\" width=\"1024\" height=\"683\" src=\"http:\/\/www.groupe-t.org\/wp-content\/uploads\/2021\/04\/oeildelievre_48_LOW_internet-1024x683.jpg\" alt=\"\" class=\"wp-image-320\" srcset=\"http:\/\/www.groupe-t.org\/wp-content\/uploads\/2021\/04\/oeildelievre_48_LOW_internet-1024x683.jpg 1024w, http:\/\/www.groupe-t.org\/wp-content\/uploads\/2021\/04\/oeildelievre_48_LOW_internet-300x200.jpg 300w, http:\/\/www.groupe-t.org\/wp-content\/uploads\/2021\/04\/oeildelievre_48_LOW_internet-768x512.jpg 768w, http:\/\/www.groupe-t.org\/wp-content\/uploads\/2021\/04\/oeildelievre_48_LOW_internet-1536x1024.jpg 1536w, http:\/\/www.groupe-t.org\/wp-content\/uploads\/2021\/04\/oeildelievre_48_LOW_internet-2048x1366.jpg 2048w, http:\/\/www.groupe-t.org\/wp-content\/uploads\/2021\/04\/oeildelievre_48_LOW_internet-192x128.jpg 192w\" sizes=\"(max-width: 1024px) 100vw, 1024px\" \/><\/figure>\n\n\n\n<figure class=\"wp-block-image size-large\"><img loading=\"lazy\" width=\"1024\" height=\"683\" src=\"http:\/\/www.groupe-t.org\/wp-content\/uploads\/2021\/04\/oeildelievre_19_LOW_internet-1024x683.jpg\" alt=\"\" class=\"wp-image-321\" srcset=\"http:\/\/www.groupe-t.org\/wp-content\/uploads\/2021\/04\/oeildelievre_19_LOW_internet-1024x683.jpg 1024w, http:\/\/www.groupe-t.org\/wp-content\/uploads\/2021\/04\/oeildelievre_19_LOW_internet-300x200.jpg 300w, http:\/\/www.groupe-t.org\/wp-content\/uploads\/2021\/04\/oeildelievre_19_LOW_internet-768x512.jpg 768w, http:\/\/www.groupe-t.org\/wp-content\/uploads\/2021\/04\/oeildelievre_19_LOW_internet-1536x1024.jpg 1536w, http:\/\/www.groupe-t.org\/wp-content\/uploads\/2021\/04\/oeildelievre_19_LOW_internet-2048x1366.jpg 2048w, http:\/\/www.groupe-t.org\/wp-content\/uploads\/2021\/04\/oeildelievre_19_LOW_internet-192x128.jpg 192w\" sizes=\"(max-width: 1024px) 100vw, 1024px\" \/><\/figure>\n\n\n\n<figure class=\"wp-block-image size-large\"><img loading=\"lazy\" width=\"1024\" height=\"683\" src=\"http:\/\/www.groupe-t.org\/wp-content\/uploads\/2021\/04\/oeildelievre_57_LOW_internet-1024x683.jpg\" alt=\"\" class=\"wp-image-322\" srcset=\"http:\/\/www.groupe-t.org\/wp-content\/uploads\/2021\/04\/oeildelievre_57_LOW_internet-1024x683.jpg 1024w, http:\/\/www.groupe-t.org\/wp-content\/uploads\/2021\/04\/oeildelievre_57_LOW_internet-300x200.jpg 300w, http:\/\/www.groupe-t.org\/wp-content\/uploads\/2021\/04\/oeildelievre_57_LOW_internet-768x512.jpg 768w, http:\/\/www.groupe-t.org\/wp-content\/uploads\/2021\/04\/oeildelievre_57_LOW_internet-1536x1024.jpg 1536w, http:\/\/www.groupe-t.org\/wp-content\/uploads\/2021\/04\/oeildelievre_57_LOW_internet-2048x1366.jpg 2048w, http:\/\/www.groupe-t.org\/wp-content\/uploads\/2021\/04\/oeildelievre_57_LOW_internet-192x128.jpg 192w\" sizes=\"(max-width: 1024px) 100vw, 1024px\" \/><\/figure>\n\n\n\n<figure class=\"wp-block-image size-large\"><img loading=\"lazy\" width=\"1024\" height=\"683\" src=\"http:\/\/www.groupe-t.org\/wp-content\/uploads\/2021\/04\/oeildelievre_9_LOW_internet-1024x683.jpg\" alt=\"\" class=\"wp-image-323\" srcset=\"http:\/\/www.groupe-t.org\/wp-content\/uploads\/2021\/04\/oeildelievre_9_LOW_internet-1024x683.jpg 1024w, http:\/\/www.groupe-t.org\/wp-content\/uploads\/2021\/04\/oeildelievre_9_LOW_internet-300x200.jpg 300w, http:\/\/www.groupe-t.org\/wp-content\/uploads\/2021\/04\/oeildelievre_9_LOW_internet-768x512.jpg 768w, http:\/\/www.groupe-t.org\/wp-content\/uploads\/2021\/04\/oeildelievre_9_LOW_internet-1536x1024.jpg 1536w, http:\/\/www.groupe-t.org\/wp-content\/uploads\/2021\/04\/oeildelievre_9_LOW_internet-2048x1366.jpg 2048w, http:\/\/www.groupe-t.org\/wp-content\/uploads\/2021\/04\/oeildelievre_9_LOW_internet-192x128.jpg 192w\" sizes=\"(max-width: 1024px) 100vw, 1024px\" \/><\/figure>\n\n\n\n<p><\/p>\n","protected":false},"excerpt":{"rendered":"<p>De loin, il est vrai, forment-iels sans doute une bande d\u2019orphelins embrum\u00e9s par l\u2019alcool et la solitude mais, par moment, oui, \u00e9galement, une troupe de th\u00e9\u00e2tre qui se bat contre l\u2019oubli, et aussi, alors, une fois debout sur leurs conduits d\u2019a\u00e9ration, le front haut face \u00e0 l\u2019horizon bleu de la mer, deviennent-iels de v\u00e9ritables camarades, &hellip; <a href=\"http:\/\/www.groupe-t.org\/index.php\/les-toits-bossus\/\" class=\"more-link\">Continuer la lecture de <span class=\"screen-reader-text\">Les Toits Bossus<\/span><\/a><\/p>\n","protected":false},"author":1,"featured_media":0,"parent":0,"menu_order":0,"comment_status":"closed","ping_status":"closed","template":"","meta":[],"_links":{"self":[{"href":"http:\/\/www.groupe-t.org\/index.php\/wp-json\/wp\/v2\/pages\/202"}],"collection":[{"href":"http:\/\/www.groupe-t.org\/index.php\/wp-json\/wp\/v2\/pages"}],"about":[{"href":"http:\/\/www.groupe-t.org\/index.php\/wp-json\/wp\/v2\/types\/page"}],"author":[{"embeddable":true,"href":"http:\/\/www.groupe-t.org\/index.php\/wp-json\/wp\/v2\/users\/1"}],"replies":[{"embeddable":true,"href":"http:\/\/www.groupe-t.org\/index.php\/wp-json\/wp\/v2\/comments?post=202"}],"version-history":[{"count":37,"href":"http:\/\/www.groupe-t.org\/index.php\/wp-json\/wp\/v2\/pages\/202\/revisions"}],"predecessor-version":[{"id":805,"href":"http:\/\/www.groupe-t.org\/index.php\/wp-json\/wp\/v2\/pages\/202\/revisions\/805"}],"wp:attachment":[{"href":"http:\/\/www.groupe-t.org\/index.php\/wp-json\/wp\/v2\/media?parent=202"}],"curies":[{"name":"wp","href":"https:\/\/api.w.org\/{rel}","templated":true}]}}